{"id":10,"date":"2020-08-07T13:22:48","date_gmt":"2020-08-07T11:22:48","guid":{"rendered":"http:\/\/dobrzewychowani.pl\/?page_id=10"},"modified":"2025-10-19T17:25:43","modified_gmt":"2025-10-19T15:25:43","slug":"strona-glowna","status":"publish","type":"page","link":"http:\/\/olgabratkowska.pl\/","title":{"rendered":""},"content":{"rendered":"\n<div class=\"wp-block-columns alignwide are-vertically-aligned-top is-layout-flex wp-container-core-columns-is-layout-9d6595d7 wp-block-columns-is-layout-flex\">\n<div class=\"wp-block-column is-layout-flow wp-block-column-is-layout-flow\" style=\"flex-basis:50%\">\n<figure class=\"wp-block-image size-full\"><img loading=\"lazy\" decoding=\"async\" width=\"500\" height=\"700\" src=\"http:\/\/olgabratkowska.pl\/wp-content\/uploads\/2022\/02\/Fota-1-e1643926250481.jpg\" alt=\"\" class=\"wp-image-74\"\/><\/figure>\n<\/div>\n\n\n\n<div class=\"wp-block-column is-layout-flow wp-block-column-is-layout-flow\" style=\"flex-basis:50%\">\n<p>Witaj, <\/p>\n\n\n\n<p>nazywam si\u0119 Olga Bratkowska. Jestem psychologiem, uko\u0144czy\u0142am studia magisterskie na Uniwersytecie im. A. Mickiewicza &#8211; specjalno\u015b\u0107: psychologia kliniczna. Wsp\u00f3\u0142pracuj\u0119 z rodzicami b\u0119d\u0105cymi w kryzysach wychowawczych lub poszukuj\u0105cymi zmian. <\/p>\n\n\n\n<p>Podczas wizyty koncentruj\u0119 si\u0119 na wzmocnieniu  kompetencji wychowawczych oraz wspieram budowanie zdrowych relacji w rodzinie. Podczas spotka\u0144 pomog\u0119 ujrze\u0107 sytuacj\u0119 z r\u00f3\u017cnych perspektyw oraz b\u0119d\u0119 towarzyszy\u0107 w poszukiwaniu rozwi\u0105za\u0144 uwzgl\u0119dniaj\u0105cych r\u00f3wnoczesny szacunek dla emocji i potrzeb dziecka, rodzica oraz wymog\u00f3w sytuacji.<\/p>\n\n\n\n<p> Opieram si\u0119 na metodach wspieraj\u0105cych dzieci w rozwoju kompetencji spo\u0142eczno-emocjonalnych, budowaniu poczucia w\u0142asnej warto\u015bci i sprawczo\u015bci.&nbsp;<\/p>\n\n\n\n<p>Jestem cz\u0142onkiem Positive Discipline Association, certyfikowanym Edukatorem Pozytywnej Dyscypliny Rodzic\u00f3w, Edukatorem Wczesnego Dzieci\u0144stwa, Facylitatorem Empowering People in a workplace oraz Praktykiem Metod Kids\u2019 Skills Dam Rad\u0119! oraz Jestem z Ciebie dumny.<\/p>\n\n\n\n<p>Prywatnie jestem mam\u0105 tr\u00f3jki dzieci.<\/p>\n\n\n\n<p>Prowadz\u0119 konsultacje indywidualne oraz warsztaty z kompetencji wychowawczych dla opiekun\u00f3w dzieci \u017c\u0142obkowych, przedszkolak\u00f3w oraz nastolatk\u00f3w.<\/p>\n<\/div>\n<\/div>\n","protected":false},"excerpt":{"rendered":"<p>Witaj, nazywam si\u0119 Olga Bratkowska. Jestem psychologiem, uko\u0144czy\u0142am studia magisterskie na Uniwersytecie im. A. Mickiewicza &#8211; specjalno\u015b\u0107: psychologia kliniczna. Wsp\u00f3\u0142pracuj\u0119 z rodzicami b\u0119d\u0105cymi w kryzysach wychowawczych lub poszukuj\u0105cymi zmian. Podczas wizyty koncentruj\u0119 si\u0119 na wzmocnieniu kompetencji wychowawczych oraz wspieram budowanie zdrowych relacji w rodzinie. Podczas spotka\u0144 pomog\u0119 ujrze\u0107 sytuacj\u0119 z r\u00f3\u017cnych perspektyw oraz b\u0119d\u0119 towarzyszy\u0107 [&hellip;]<\/p>\n","protected":false},"author":1,"featured_media":0,"parent":0,"menu_order":0,"comment_status":"closed","ping_status":"closed","template":"","meta":{"footnotes":""},"class_list":["post-10","page","type-page","status-publish","hentry"],"_links":{"self":[{"href":"http:\/\/olgabratkowska.pl\/index.php?rest_route=\/wp\/v2\/pages\/10","targetHints":{"allow":["GET"]}}],"collection":[{"href":"http:\/\/olgabratkowska.pl\/index.php?rest_route=\/wp\/v2\/pages"}],"about":[{"href":"http:\/\/olgabratkowska.pl\/index.php?rest_route=\/wp\/v2\/types\/page"}],"author":[{"embeddable":true,"href":"http:\/\/olgabratkowska.pl\/index.php?rest_route=\/wp\/v2\/users\/1"}],"replies":[{"embeddable":true,"href":"http:\/\/olgabratkowska.pl\/index.php?rest_route=%2Fwp%2Fv2%2Fcomments&post=10"}],"version-history":[{"count":11,"href":"http:\/\/olgabratkowska.pl\/index.php?rest_route=\/wp\/v2\/pages\/10\/revisions"}],"predecessor-version":[{"id":212,"href":"http:\/\/olgabratkowska.pl\/index.php?rest_route=\/wp\/v2\/pages\/10\/revisions\/212"}],"wp:attachment":[{"href":"http:\/\/olgabratkowska.pl\/index.php?rest_route=%2Fwp%2Fv2%2Fmedia&parent=10"}],"curies":[{"name":"wp","href":"https:\/\/api.w.org\/{rel}","templated":true}]}}